{"id":1217,"date":"2023-12-29T15:04:19","date_gmt":"2023-12-29T14:04:19","guid":{"rendered":"https:\/\/amfconduite.com\/?page_id=1217"},"modified":"2026-01-02T18:45:55","modified_gmt":"2026-01-02T17:45:55","slug":"auto-ecole-marseille-permis-conduire","status":"publish","type":"page","link":"https:\/\/amfconduite.com\/","title":{"rendered":"ACCUEIL"},"content":{"rendered":"\n<div class=\"wp-block-cover is-light has-parallax is-repeated\"><div class=\"wp-block-cover__image-background wp-image-1787 has-parallax is-repeated\" style=\"background-position:43% 72%;background-image:url(https:\/\/amfconduite.com\/wp-content\/uploads\/2025\/04\/IMG_3248-1.jpg)\"><\/div><span aria-hidden=\"true\" class=\"wp-block-cover__background has-background-dim\" style=\"background-color:#939fa2\"><\/span><div class=\"wp-block-cover__inner-container is-layout-constrained wp-block-cover-is-layout-constrained\">\n<h1 class=\"wp-block-heading has-text-align-center has-ast-global-color-4-color has-text-color has-link-color has-x-large-font-size wp-elements-d3fe687e66f3082b1567e6e51aaf0416\"><strong>AMF CONDUITE,                                                                           Votre permis, notre mission !<\/strong><\/h1>\n<\/div><\/div>\n\n\n\n<div style=\"height:0px\" aria-hidden=\"true\" class=\"wp-block-spacer\"><\/div>\n\n\n\n<div style=\"height:71px\" aria-hidden=\"true\" class=\"wp-block-spacer\"><\/div>\n\n\n\n<div class=\"wp-block-media-text is-stacked-on-mobile is-image-fill-element has-ast-global-color-5-color has-text-color has-background has-link-color has-small-font-size wp-elements-1a3e46ebb3a4522ced3413191caaacd1\" style=\"background:linear-gradient(149deg,rgb(0,0,0) 10%,rgb(53,66,124) 100%);grid-template-columns:21% auto\"><figure class=\"wp-block-media-text__media\"><img fetchpriority=\"high\" decoding=\"async\" width=\"768\" height=\"1024\" src=\"https:\/\/amfconduite.com\/wp-content\/uploads\/2025\/04\/IMG_3249-1-1-768x1024.jpg\" alt=\"\" class=\"wp-image-1790 size-full\" style=\"object-position:50% 50%\" srcset=\"https:\/\/amfconduite.com\/wp-content\/uploads\/2025\/04\/IMG_3249-1-1-768x1024.jpg 768w, https:\/\/amfconduite.com\/wp-content\/uploads\/2025\/04\/IMG_3249-1-1-225x300.jpg 225w, https:\/\/amfconduite.com\/wp-content\/uploads\/2025\/04\/IMG_3249-1-1-1152x1536.jpg 1152w, https:\/\/amfconduite.com\/wp-content\/uploads\/2025\/04\/IMG_3249-1-1.jpg 1536w\" sizes=\"(max-width: 768px) 100vw, 768px\" \/><\/figure><div class=\"wp-block-media-text__content\">\n<h2 class=\"wp-block-heading has-luminous-vivid-orange-color has-text-color has-link-color has-medium-font-size wp-elements-80ebc4bd31716a5b77c73ff74e071205\">Bienvenue chez AMF Conduite <\/h2>\n\n\n\n<p>Bienvenue dans notre auto-\u00e9cole, un espace d\u00e9di\u00e9 \u00e0 votre r\u00e9ussite et \u00e0 votre s\u00e9curit\u00e9 sur la route.<br>Nous vous accompagnons \u00e0 chaque \u00e9tape de votre apprentissage de la conduite gr\u00e2ce \u00e0 une p\u00e9dagogie moderne, un suivi personnalis\u00e9 et une \u00e9quipe de formateurs \u00e0 l\u2019\u00e9coute.<\/p>\n\n\n\n<p>Que vous soyez d\u00e9butant, en conduite accompagn\u00e9e ou en perfectionnement, nous adaptons nos formations \u00e0 votre rythme et \u00e0 vos objectifs. Notre priorit\u00e9 est de vous pr\u00e9parer efficacement \u00e0 l\u2019examen tout en vous transmettant les bons r\u00e9flexes pour devenir un conducteur responsable et confiant.<\/p>\n\n\n\n<p>Rejoignez une auto-\u00e9cole de proximit\u00e9, engag\u00e9e dans votre r\u00e9ussite.<\/p>\n<\/div><\/div>\n\n\n\n<div style=\"height:78px\" aria-hidden=\"true\" class=\"wp-block-spacer\"><\/div>\n\n\n\n<div class=\"wp-block-media-text is-stacked-on-mobile is-image-fill-element has-ast-global-color-5-color has-text-color has-background has-link-color wp-elements-47e84e04c19daf71317e4d8af5b8f0f4\" style=\"background:linear-gradient(135deg,rgb(0,0,0) 0%,rgb(53,66,124) 100%);grid-template-columns:22% auto\"><figure class=\"wp-block-media-text__media\"><img decoding=\"async\" width=\"564\" height=\"376\" src=\"https:\/\/amfconduite.com\/wp-content\/uploads\/2024\/11\/A.jpg\" alt=\"\" class=\"wp-image-1474 size-full\" style=\"object-position:50% 50%\" srcset=\"https:\/\/amfconduite.com\/wp-content\/uploads\/2024\/11\/A.jpg 564w, https:\/\/amfconduite.com\/wp-content\/uploads\/2024\/11\/A-300x200.jpg 300w\" sizes=\"(max-width: 564px) 100vw, 564px\" \/><\/figure><div class=\"wp-block-media-text__content\">\n<h2 class=\"wp-block-heading has-text-align-left has-luminous-vivid-orange-color has-text-color has-link-color has-medium-font-size wp-elements-93f5480aed11fa9510d17df94e58829e\">Permis B <\/h2>\n\n\n\n<p class=\"has-ast-global-color-5-color has-text-color has-link-color has-small-font-size wp-elements-16a9ba6ced9224078f90e29cb90821d1\">Le <strong>permis B<\/strong> est une \u00e9tape cl\u00e9 vers l\u2019autonomie et la libert\u00e9 de d\u00e9placement. Dans notre auto-\u00e9cole, nous vous accompagnons avec une formation compl\u00e8te, progressive et adapt\u00e9e \u00e0 votre rythme.<\/p>\n\n\n\n<p class=\"has-ast-global-color-5-color has-text-color has-link-color has-small-font-size wp-elements-30671929b6e64401d58dd024e6bb6de6\">Gr\u00e2ce \u00e0 une p\u00e9dagogie claire, des moniteurs qualifi\u00e9s et un suivi personnalis\u00e9, nous vous pr\u00e9parons efficacement \u00e0 l\u2019examen du permis de conduire tout en vous apprenant \u00e0 adopter une conduite s\u00fbre, responsable et durable.<\/p>\n<\/div><\/div>\n\n\n\n<div style=\"height:47px\" aria-hidden=\"true\" class=\"wp-block-spacer\"><\/div>\n\n\n\n<h1 class=\"wp-block-heading has-text-align-center has-luminous-vivid-orange-color has-text-color has-link-color has-x-large-font-size wp-elements-8e61f787e77e9030b5d66cb1fc7ef37f\">NOS SERVICES <\/h1>\n\n\n\n<div class=\"wp-block-columns is-layout-flex wp-container-core-columns-is-layout-28f84493 wp-block-columns-is-layout-flex\">\n<div class=\"wp-block-column is-layout-flow wp-block-column-is-layout-flow\">\n<figure class=\"wp-block-image aligncenter size-full is-resized\"><img decoding=\"async\" width=\"256\" height=\"256\" src=\"https:\/\/amfconduite.com\/wp-content\/uploads\/2024\/11\/icon-permis-b.jpg\" alt=\"\" class=\"wp-image-1548\" style=\"width:151px;height:auto\" srcset=\"https:\/\/amfconduite.com\/wp-content\/uploads\/2024\/11\/icon-permis-b.jpg 256w, https:\/\/amfconduite.com\/wp-content\/uploads\/2024\/11\/icon-permis-b-150x150.jpg 150w\" sizes=\"(max-width: 256px) 100vw, 256px\" \/><\/figure>\n\n\n\n<p class=\"has-text-align-center has-black-color has-text-color has-link-color wp-elements-d0dc2336f9d33b9d7843d5898af73a25\"><strong>Permis B Bo\u00eete Manuelle<\/strong><\/p>\n<\/div>\n\n\n\n<div class=\"wp-block-column is-layout-flow wp-block-column-is-layout-flow\">\n<figure class=\"wp-block-image aligncenter size-full is-resized\"><img loading=\"lazy\" decoding=\"async\" width=\"256\" height=\"256\" src=\"https:\/\/amfconduite.com\/wp-content\/uploads\/2024\/11\/icon-automatqiue-1.jpg\" alt=\"\" class=\"wp-image-1550\" style=\"width:158px;height:auto\" srcset=\"https:\/\/amfconduite.com\/wp-content\/uploads\/2024\/11\/icon-automatqiue-1.jpg 256w, https:\/\/amfconduite.com\/wp-content\/uploads\/2024\/11\/icon-automatqiue-1-150x150.jpg 150w\" sizes=\"(max-width: 256px) 100vw, 256px\" \/><\/figure>\n\n\n\n<p class=\"has-text-align-center has-ast-global-color-7-color has-text-color has-link-color wp-elements-6d7b0ff5762a930ce112c0b0f3a9b0ba\"><strong>Permis B Bo\u00eete Automatique <\/strong><\/p>\n<\/div>\n\n\n\n<div class=\"wp-block-column is-layout-flow wp-block-column-is-layout-flow\">\n<figure class=\"wp-block-image aligncenter size-full is-resized\"><img loading=\"lazy\" decoding=\"async\" width=\"564\" height=\"564\" src=\"https:\/\/amfconduite.com\/wp-content\/uploads\/2024\/11\/accompagner-1.jpg\" alt=\"\" class=\"wp-image-1551\" style=\"width:154px;height:auto\" srcset=\"https:\/\/amfconduite.com\/wp-content\/uploads\/2024\/11\/accompagner-1.jpg 564w, https:\/\/amfconduite.com\/wp-content\/uploads\/2024\/11\/accompagner-1-300x300.jpg 300w, https:\/\/amfconduite.com\/wp-content\/uploads\/2024\/11\/accompagner-1-150x150.jpg 150w\" sizes=\"(max-width: 564px) 100vw, 564px\" \/><\/figure>\n\n\n\n<p class=\"has-text-align-center has-ast-global-color-7-color has-text-color has-link-color wp-elements-d3f8d58dc1479eaacf30bbe6c1526516\"><strong>Conduite accompagn\u00e9e<\/strong><\/p>\n<\/div>\n\n\n\n<div class=\"wp-block-column is-layout-flow wp-block-column-is-layout-flow\">\n<figure class=\"wp-block-image aligncenter size-full is-resized\" style=\"margin-top:var(--wp--preset--spacing--50);margin-right:0;margin-bottom:var(--wp--preset--spacing--50);margin-left:0\"><img loading=\"lazy\" decoding=\"async\" width=\"360\" height=\"360\" src=\"http:\/\/amfconduite.com\/wp-content\/uploads\/2024\/12\/supervises.jpg\" alt=\"\" class=\"wp-image-1648\" style=\"width:138px;height:auto\" srcset=\"https:\/\/amfconduite.com\/wp-content\/uploads\/2024\/12\/supervises.jpg 360w, https:\/\/amfconduite.com\/wp-content\/uploads\/2024\/12\/supervises-300x300.jpg 300w, https:\/\/amfconduite.com\/wp-content\/uploads\/2024\/12\/supervises-150x150.jpg 150w\" sizes=\"(max-width: 360px) 100vw, 360px\" \/><\/figure>\n\n\n\n<p class=\"has-text-align-center has-ast-global-color-7-color has-text-color has-link-color wp-elements-1848e6459119d49210635779c7007493\"><strong>Conduite supervis\u00e9e <\/strong><\/p>\n<\/div>\n<\/div>\n\n\n\n<div style=\"height:40px\" aria-hidden=\"true\" class=\"wp-block-spacer\"><\/div>\n\n\n\n<div class=\"wp-block-cover\" style=\"min-height:366px;aspect-ratio:unset;\"><img loading=\"lazy\" decoding=\"async\" width=\"1920\" height=\"2560\" class=\"wp-block-cover__image-background wp-image-1270\" alt=\"\" src=\"http:\/\/amfconduite.com\/wp-content\/uploads\/2024\/01\/IMG_6173-scaled.jpg\" style=\"object-position:45% 36%\" data-object-fit=\"cover\" data-object-position=\"45% 36%\" srcset=\"https:\/\/amfconduite.com\/wp-content\/uploads\/2024\/01\/IMG_6173-scaled.jpg 1920w, https:\/\/amfconduite.com\/wp-content\/uploads\/2024\/01\/IMG_6173-225x300.jpg 225w, https:\/\/amfconduite.com\/wp-content\/uploads\/2024\/01\/IMG_6173-768x1024.jpg 768w, https:\/\/amfconduite.com\/wp-content\/uploads\/2024\/01\/IMG_6173-1152x1536.jpg 1152w, https:\/\/amfconduite.com\/wp-content\/uploads\/2024\/01\/IMG_6173-1536x2048.jpg 1536w\" sizes=\"(max-width: 1920px) 100vw, 1920px\" \/><span aria-hidden=\"true\" class=\"wp-block-cover__background has-ast-global-color-4-background-color has-background-dim-10 has-background-dim\"><\/span><div class=\"wp-block-cover__inner-container is-layout-constrained wp-block-cover-is-layout-constrained\">\n<h2 class=\"wp-block-heading has-text-align-center has-luminous-vivid-orange-color has-text-color has-background has-link-color has-medium-font-size wp-elements-f97802e73d4abda03be6744ebc8e3d68\" style=\"background:linear-gradient(135deg,rgb(4,6,8) 0%,rgb(53,66,124) 100%)\"><em><strong>Vous souhaitez d\u00e9buter un permis B ?<\/strong><\/em><\/h2>\n\n\n\n<div class=\"wp-block-buttons is-content-justification-center is-layout-flex wp-container-core-buttons-is-layout-a89b3969 wp-block-buttons-is-layout-flex\">\n<div class=\"wp-block-button\"><a class=\"wp-block-button__link has-luminous-vivid-amber-to-luminous-vivid-orange-gradient-background has-background has-text-align-center wp-element-button\" href=\"https:\/\/amfconduite.com\/index.php\/contacts\/\">Contactez nous <\/a><\/div>\n<\/div>\n<\/div><\/div>\n\n\n\n<div style=\"height:46px\" aria-hidden=\"true\" class=\"wp-block-spacer\"><\/div>\n\n\n\t\t\t<div data-aos= \"fade-up\" data-aos-duration=\"400\" data-aos-delay=\"0\" data-aos-easing=\"ease\" data-aos-once=\"true\" \n\t\t\tclass=\"wp-block-uagb-google-map uagb-google-map__wrap uagb-block-3213e2cb     \"\n\t\t\tstyle=\"\" >\n\t\t\t\t<embed\n\t\t\t\t\tclass=\"uagb-google-map__iframe\"\n\t\t\t\t\ttitle=\"Carte Google pour \"\n\t\t\t\t\tsrc=\"https:\/\/maps.google.com\/maps?q=Centre%20Commercial%20Grand%20Littoral%2011%20Avenue%20de%20St%20antoine%2C%2013016%20Marseille&#038;z=13&#038;hl=en&#038;t=m&#038;output=embed&#038;iwloc=near\"\n\t\t\t\t\twidth=\"640\"\n\t\t\t\t\theight=\"282\"\n\t\t\t\t\tloading=\"lazy\"\n\t\t\t\t><\/embed>\n\t\t\t<\/div>\n\t\t\t\n\n\n<div style=\"height:40px\" aria-hidden=\"true\" class=\"wp-block-spacer\"><\/div>\n\n\n\n<figure class=\"wp-block-pullquote has-text-align-center has-ast-global-color-0-color has-text-color has-background has-link-color has-medium-font-size wp-elements-0d4e507927918159235456103b273178\" style=\"background-color:#d6d6d6\"><blockquote><p><strong>Nouveaut\u00e9s chez AMF CONDUITE le permis \u00e0 1\u20ac\/jour <\/strong>et le <strong>financement MON COMPTE FORMATION<\/strong>!!!<\/p><cite>Contactez nous pour plus de renseignements<\/cite><\/blockquote><\/figure>\n\n\n      \n\t\t\t<div class=\"uagb-icon-wrapper uagb-block-8568a65a      \"\n\t\t\tstyle=\"\" >\n\t\t\t\t\t\t\t\t\t<span class=\"uagb-svg-wrapper\" \n\t\t\t\t\t aria-label=\"circle-check\"\t\t\t\t\ttabindex=\"0\">\t\t\n\t\t\t\t\t\t\t\t\t\t<svg xmlns=\"https:\/\/www.w3.org\/2000\/svg\" viewBox= \"0 0 512 512\" role=\"graphics-symbol\" aria-hidden=\"false\" aria-label=\"\"><path d=\"M0 256C0 114.6 114.6 0 256 0C397.4 0 512 114.6 512 256C512 397.4 397.4 512 256 512C114.6 512 0 397.4 0 256zM371.8 211.8C382.7 200.9 382.7 183.1 371.8 172.2C360.9 161.3 343.1 161.3 332.2 172.2L224 280.4L179.8 236.2C168.9 225.3 151.1 225.3 140.2 236.2C129.3 247.1 129.3 264.9 140.2 275.8L204.2 339.8C215.1 350.7 232.9 350.7 243.8 339.8L371.8 211.8z\"><\/path><\/svg>\n\t\t\t\t\t\t\t\t\t<\/span>\n\t\t\t\t\t\t\t<\/div>\n\t\t\t\n\n\n<p class=\"has-ast-global-color-0-color has-text-color has-link-color has-large-font-size wp-elements-1457ff917756a0a24449afee9700e238\" style=\"padding-top:var(--wp--preset--spacing--40);padding-bottom:var(--wp--preset--spacing--40)\"><\/p>\n\n\n\n<p><\/p>\n","protected":false},"excerpt":{"rendered":"<p>Bienvenue chez AMF Conduite Bienvenue dans notre auto-\u00e9cole, un espace d\u00e9di\u00e9 \u00e0 votre r\u00e9ussite et \u00e0 votre s\u00e9curit\u00e9 sur la [&hellip;]<\/p>\n","protected":false},"author":1,"featured_media":0,"parent":0,"menu_order":0,"comment_status":"closed","ping_status":"closed","template":"","meta":{"_uag_custom_page_level_css":"","site-sidebar-layout":"default","site-content-layout":"","ast-site-content-layout":"","site-content-style":"default","site-sidebar-style":"default","ast-global-header-display":"","ast-banner-title-visibility":"","ast-main-header-display":"","ast-hfb-above-header-display":"","ast-hfb-below-header-display":"","ast-hfb-mobile-header-display":"","site-post-title":"disabled","ast-breadcrumbs-content":"","ast-featured-img":"","footer-sml-layout":"","theme-transparent-header-meta":"","adv-header-id-meta":"","stick-header-meta":"","header-above-stick-meta":"","header-main-stick-meta":"","header-below-stick-meta":"","astra-migrate-meta-layouts":"default","ast-page-background-enabled":"default","ast-page-background-meta":{"desktop":{"background-color":"var(--ast-global-color-4)","background-image":"","background-repeat":"repeat","background-position":"center center","background-size":"auto","background-attachment":"scroll","background-type":"","background-media":"","overlay-type":"","overlay-color":"","overlay-opacity":"","overlay-gradient":""},"tablet":{"background-color":"","background-image":"","background-repeat":"repeat","background-position":"center center","background-size":"auto","background-attachment":"scroll","background-type":"","background-media":"","overlay-type":"","overlay-color":"","overlay-opacity":"","overlay-gradient":""},"mobile":{"background-color":"","background-image":"","background-repeat":"repeat","background-position":"center center","background-size":"auto","background-attachment":"scroll","background-type":"","background-media":"","overlay-type":"","overlay-color":"","overlay-opacity":"","overlay-gradient":""}},"ast-content-background-meta":{"desktop":{"background-color":"var(--ast-global-color-5)","background-image":"","background-repeat":"repeat","background-position":"center center","background-size":"auto","background-attachment":"scroll","background-type":"","background-media":"","overlay-type":"","overlay-color":"","overlay-opacity":"","overlay-gradient":""},"tablet":{"background-color":"var(--ast-global-color-5)","background-image":"","background-repeat":"repeat","background-position":"center center","background-size":"auto","background-attachment":"scroll","background-type":"","background-media":"","overlay-type":"","overlay-color":"","overlay-opacity":"","overlay-gradient":""},"mobile":{"background-color":"var(--ast-global-color-5)","background-image":"","background-repeat":"repeat","background-position":"center center","background-size":"auto","background-attachment":"scroll","background-type":"","background-media":"","overlay-type":"","overlay-color":"","overlay-opacity":"","overlay-gradient":""}},"footnotes":""},"class_list":["post-1217","page","type-page","status-publish","hentry"],"uagb_featured_image_src":{"full":false,"thumbnail":false,"medium":false,"medium_large":false,"large":false,"1536x1536":false,"2048x2048":false},"uagb_author_info":{"display_name":"admin2651","author_link":"https:\/\/amfconduite.com\/index.php\/author\/admin2651\/"},"uagb_comment_info":0,"uagb_excerpt":"Bienvenue chez AMF Conduite Bienvenue dans notre auto-\u00e9cole, un espace d\u00e9di\u00e9 \u00e0 votre r\u00e9ussite et \u00e0 votre s\u00e9curit\u00e9 sur la [&hellip;]","_links":{"self":[{"href":"https:\/\/amfconduite.com\/index.php\/wp-json\/wp\/v2\/pages\/1217","targetHints":{"allow":["GET"]}}],"collection":[{"href":"https:\/\/amfconduite.com\/index.php\/wp-json\/wp\/v2\/pages"}],"about":[{"href":"https:\/\/amfconduite.com\/index.php\/wp-json\/wp\/v2\/types\/page"}],"author":[{"embeddable":true,"href":"https:\/\/amfconduite.com\/index.php\/wp-json\/wp\/v2\/users\/1"}],"replies":[{"embeddable":true,"href":"https:\/\/amfconduite.com\/index.php\/wp-json\/wp\/v2\/comments?post=1217"}],"version-history":[{"count":123,"href":"https:\/\/amfconduite.com\/index.php\/wp-json\/wp\/v2\/pages\/1217\/revisions"}],"predecessor-version":[{"id":1820,"href":"https:\/\/amfconduite.com\/index.php\/wp-json\/wp\/v2\/pages\/1217\/revisions\/1820"}],"wp:attachment":[{"href":"https:\/\/amfconduite.com\/index.php\/wp-json\/wp\/v2\/media?parent=1217"}],"curies":[{"name":"wp","href":"https:\/\/api.w.org\/{rel}","templated":true}]}}