{"id":1514,"date":"2024-11-07T13:36:51","date_gmt":"2024-11-07T12:36:51","guid":{"rendered":"https:\/\/amfconduite.com\/?page_id=1514"},"modified":"2026-01-02T17:20:24","modified_gmt":"2026-01-02T16:20:24","slug":"nos-tarifs-pack","status":"publish","type":"page","link":"https:\/\/amfconduite.com\/index.php\/nos-tarifs-pack\/","title":{"rendered":"Nos Tarifs Pack"},"content":{"rendered":"\n<p class=\"has-text-align-center\"><\/p>\n\n\n\n<p class=\"has-text-align-center has-ast-global-color-7-color has-text-color has-link-color has-large-font-size wp-elements-97077ea98bd56149b3ec272e61007a18\"><strong>Nos tarifs <\/strong><\/p>\n\n\n\n<div style=\"height:0px\" aria-hidden=\"true\" class=\"wp-block-spacer\"><\/div>\n\n\n\n<div class=\"wp-block-media-text alignwide is-stacked-on-mobile is-vertically-aligned-center has-background\" style=\"background:linear-gradient(135deg,rgb(6,0,0) 0%,rgb(53,66,124) 100%);grid-template-columns:27% auto\"><figure class=\"wp-block-media-text__media\"><img fetchpriority=\"high\" decoding=\"async\" width=\"694\" height=\"242\" src=\"https:\/\/amfconduite.com\/wp-content\/uploads\/2024\/11\/Capture-decran-2023-12-20-140749.png\" alt=\"\" class=\"wp-image-1528 size-full\" srcset=\"https:\/\/amfconduite.com\/wp-content\/uploads\/2024\/11\/Capture-decran-2023-12-20-140749.png 694w, https:\/\/amfconduite.com\/wp-content\/uploads\/2024\/11\/Capture-decran-2023-12-20-140749-300x105.png 300w\" sizes=\"(max-width: 694px) 100vw, 694px\" \/><\/figure><div class=\"wp-block-media-text__content\">\n<h1 class=\"wp-block-heading has-text-align-center has-luminous-vivid-orange-color has-text-color has-link-color has-large-font-size wp-elements-7eb9deef21345ae667876c38bc322f57\">Permis de conduire chez AMF conduite \u00e0 partir de 890\u20ac FONCEZ!!<\/h1>\n\n\n\n<p><\/p>\n\n\n\n<p><\/p>\n\n\n\n<blockquote class=\"wp-block-quote is-layout-flow wp-block-quote-is-layout-flow\">\n<p class=\"has-text-align-center has-ast-global-color-5-color has-text-color has-link-color has-medium-font-size wp-elements-751dad8bb8d94f75b2e653f4b1e2aad1\"><strong>Bienvenue dans notre auto-\u00e9cole !<\/strong><br>Nous vous accompagnons \u00e0 chaque \u00e9tape de votre apprentissage de la conduite, avec des formations s\u00e9rieuses, adapt\u00e9es \u00e0 votre rythme et \u00e0 vos objectifs. Notre priorit\u00e9 : votre r\u00e9ussite \u00e0 l\u2019examen et votre s\u00e9curit\u00e9 sur la route, dans un climat de confiance et de bienveillance.<\/p>\n<\/blockquote>\n<\/div><\/div>\n\n\n\n<div style=\"height:83px\" aria-hidden=\"true\" class=\"wp-block-spacer\"><\/div>\n\n\n\n<div class=\"wp-block-columns has-ast-global-color-7-color has-text-color has-background has-link-color wp-elements-b51ce336e76d742aa65be22ffe72d0cf is-layout-flex wp-container-core-columns-is-layout-28f84493 wp-block-columns-is-layout-flex\" style=\"background:linear-gradient(135deg,rgb(0,0,0) 0%,rgb(53,66,124) 74%)\">\n<div class=\"wp-block-column is-layout-flow wp-block-column-is-layout-flow\">\n<p class=\"has-text-align-center has-background\" style=\"background:linear-gradient(135deg,rgb(252,185,0) 0%,rgb(255,105,0) 34%)\"><strong>Pack Permis B                             Bo\u00eete Manuelle             20 heures<\/strong><\/p>\n\n\n\n<p class=\"has-text-align-center has-ast-global-color-4-color has-text-color has-link-color wp-elements-10fc280a30f41dad4d46b92192e8d521\">Evaluation de d\u00e9part offerte<\/p>\n\n\n\n<p class=\"has-text-align-center has-ast-global-color-4-color has-text-color has-link-color wp-elements-3b7110b2b16117576d77b409ead16965\">Gestion dossier offert<\/p>\n\n\n\n<p class=\"has-text-align-center has-ast-global-color-4-color has-text-color has-link-color wp-elements-dd4c5f670d924eb2a3330389b9af9d98\"><\/p>\n\n\n\n<p class=\"has-text-align-center has-ast-global-color-4-color has-text-color has-link-color wp-elements-e2c6cb77f996ec3278a1320a1a546175\"><strong>Total 990\u20ac <\/strong><br>au lieu de <s>1250\u20ac<\/s><br> ( 3 paiements maximum)<\/p>\n\n\n\n<div class=\"wp-block-buttons is-content-justification-center is-layout-flex wp-container-core-buttons-is-layout-a89b3969 wp-block-buttons-is-layout-flex\">\n<div class=\"wp-block-button\"><a class=\"wp-block-button__link has-midnight-gradient-background has-background wp-element-button\" href=\"https:\/\/amfconduite.com\/index.php\/pack-permis-b-boite-manuelle-20-heures\/\">Voir l&rsquo;offre<\/a><\/div>\n<\/div>\n<\/div>\n\n\n\n<div class=\"wp-block-column is-layout-flow wp-block-column-is-layout-flow\">\n<p class=\"has-text-align-center has-background\" style=\"background:linear-gradient(135deg,rgb(252,185,0) 0%,rgb(255,105,0) 37%)\"><strong>Pack Permis B                             Bo\u00eete Automatique       13 heures<\/strong><\/p>\n\n\n\n<p class=\"has-text-align-center has-ast-global-color-4-color has-text-color has-link-color wp-elements-10fc280a30f41dad4d46b92192e8d521\">Evaluation de d\u00e9part offerte<\/p>\n\n\n\n<p class=\"has-text-align-center has-ast-global-color-4-color has-text-color has-link-color wp-elements-3b7110b2b16117576d77b409ead16965\">Gestion dossier offert<\/p>\n\n\n\n<p class=\"has-text-align-center has-ast-global-color-4-color has-text-color has-link-color wp-elements-dd4c5f670d924eb2a3330389b9af9d98\"><\/p>\n\n\n\n<p class=\"has-text-align-center has-ast-global-color-5-color has-text-color has-link-color wp-elements-ee979c0c92d82df96703061641c73466\"><strong>Total 890\u20ac <\/strong><br>au lieu de <s>1010\u20ac<\/s><br> ( 3 paiements maximum)<\/p>\n\n\n\n<div class=\"wp-block-buttons is-content-justification-center is-layout-flex wp-container-core-buttons-is-layout-a89b3969 wp-block-buttons-is-layout-flex\">\n<div class=\"wp-block-button\"><a class=\"wp-block-button__link has-midnight-gradient-background has-background wp-element-button\" href=\"https:\/\/amfconduite.com\/index.php\/permis-b-boite-automatique\/\">Voir l&rsquo;offre<\/a><\/div>\n<\/div>\n<\/div>\n\n\n\n<div class=\"wp-block-column is-layout-flow wp-block-column-is-layout-flow\">\n<p class=\"has-text-align-center has-background\" style=\"background:linear-gradient(135deg,rgb(252,185,0) 0%,rgb(255,105,0) 46%)\"><strong><strong>Pack Permis B                             conduite Accompagn\u00e9e      20 heures<\/strong><\/strong><\/p>\n\n\n\n<p class=\"has-text-align-center has-ast-global-color-4-color has-text-color has-link-color wp-elements-3b7110b2b16117576d77b409ead16965\">Gestion dossier offert<\/p>\n\n\n\n<p class=\"has-text-align-center has-ast-global-color-4-color has-text-color has-link-color wp-elements-cc7b48f10772d06fda9b18c9e7d9b913\">Rendez-vous pr\u00e9alable accompagnateur offert<\/p>\n\n\n\n<p class=\"has-text-align-center has-ast-global-color-4-color has-text-color has-link-color wp-elements-7773f163d4e64eb8e8334b2b9e341097\">Code en ligne offert<\/p>\n\n\n\n<p class=\"has-text-align-center has-white-color has-text-color has-link-color wp-elements-d8f362088e255d9053ce45e4a132035a\"><strong>Total 1250\u20ac <\/strong><\/p>\n\n\n\n<p class=\"has-text-align-center has-white-color has-text-color has-link-color wp-elements-51792a6fe6c835ef21726927b372c8b5\">au lieu de <s>1350\u20ac<\/s><br> ( 3 paiements maximum)<\/p>\n\n\n\n<div class=\"wp-block-buttons is-content-justification-center is-layout-flex wp-container-core-buttons-is-layout-a89b3969 wp-block-buttons-is-layout-flex\">\n<div class=\"wp-block-button\"><a class=\"wp-block-button__link has-midnight-gradient-background has-background wp-element-button\" href=\"https:\/\/amfconduite.com\/index.php\/conduite-accompagner-acc\/\">Voir l&rsquo;offre<\/a><\/div>\n<\/div>\n<\/div>\n\n\n\n<div class=\"wp-block-column is-layout-flow wp-block-column-is-layout-flow\">\n<p class=\"has-text-align-center has-background\" style=\"background:linear-gradient(135deg,rgb(252,185,0) 0%,rgb(255,105,0) 51%)\"><strong>Pack Permis B Bo\u00eete Manuelle acc\u00e9l\u00e9r<\/strong>\u00e9<\/p>\n\n\n\n<p class=\"has-text-align-center has-ast-global-color-4-color has-text-color has-link-color wp-elements-10fc280a30f41dad4d46b92192e8d521\">Evaluation de d\u00e9part offerte<\/p>\n\n\n\n<p class=\"has-text-align-center has-ast-global-color-4-color has-text-color has-link-color wp-elements-3b7110b2b16117576d77b409ead16965\">Gestion dossier offert<\/p>\n\n\n\n<p class=\"has-text-align-center has-ast-global-color-4-color has-text-color has-link-color wp-elements-dd4c5f670d924eb2a3330389b9af9d98\"><\/p>\n\n\n\n<p class=\"has-text-align-center has-ast-global-color-4-color has-text-color has-link-color wp-elements-a473ac7e4e5d50fe4cf7eeaee93d829f\"><strong>Total 1290\u20ac <\/strong><\/p>\n\n\n\n<p class=\"has-text-align-center has-ast-global-color-4-color has-text-color has-link-color wp-elements-de046a4df080890902036e89acbafde8\"><strong>au lieu de <s>1550\u20ac<\/s><\/strong><\/p>\n\n\n\n<p class=\"has-text-align-center has-ast-global-color-4-color has-text-color has-link-color wp-elements-8aace5b74072aa2e3d9c28fa84d4305b\"> ( 3 paiements maximum)<\/p>\n\n\n\n<div class=\"wp-block-buttons is-content-justification-center is-layout-flex wp-container-core-buttons-is-layout-a89b3969 wp-block-buttons-is-layout-flex\">\n<div class=\"wp-block-button\"><a class=\"wp-block-button__link has-midnight-gradient-background has-background wp-element-button\" href=\"https:\/\/amfconduite.com\/index.php\/pack-permis-b-boite-manuelle-20-heures\/\">Voir l&rsquo;offre <\/a><\/div>\n<\/div>\n<\/div>\n<\/div>\n\n\n\n<div style=\"height:130px\" aria-hidden=\"true\" class=\"wp-block-spacer\"><\/div>\n\n\n\n<div class=\"wp-block-media-text is-stacked-on-mobile has-background\" style=\"background:linear-gradient(135deg,rgb(0,0,32) 0%,rgb(53,66,124) 100%);grid-template-columns:27% auto\"><figure class=\"wp-block-media-text__media\"><img decoding=\"async\" width=\"600\" height=\"400\" src=\"https:\/\/amfconduite.com\/wp-content\/uploads\/2024\/12\/Clio-V-auto-ecole.png\" alt=\"\" class=\"wp-image-1615 size-full\" srcset=\"https:\/\/amfconduite.com\/wp-content\/uploads\/2024\/12\/Clio-V-auto-ecole.png 600w, https:\/\/amfconduite.com\/wp-content\/uploads\/2024\/12\/Clio-V-auto-ecole-300x200.png 300w\" sizes=\"(max-width: 600px) 100vw, 600px\" \/><\/figure><div class=\"wp-block-media-text__content\">\n<p class=\"has-text-align-center has-luminous-vivid-orange-color has-ast-global-color-1-background-color has-text-color has-background has-link-color has-medium-font-size wp-elements-dc1ca6b20ca71a4b91250481462dd298\">Conduite Supervis\u00e9e<\/p>\n\n\n\n<p class=\"has-ast-global-color-5-color has-text-color has-link-color wp-elements-e648d64987c5ee679300c9d4509480f6\">L&rsquo;apprentissage en conduite supervis\u00e9e des v\u00e9hicules l\u00e9gers s&rsquo;adresse aux candidats, de 18 ans au minimum, qui souhaitent acqu\u00e9rir une exp\u00e9rience de conduite avant le passage de l&rsquo;examen du permis de conduire ou apr\u00e8s, en cas d&rsquo;\u00e9chec(s) \u00e0 l&rsquo;\u00e9preuve pratique.<\/p>\n\n\n\n<p class=\"has-ast-global-color-5-color has-text-color has-link-color wp-elements-4de42af7a02b0e3ee1e3f75b8a536a82\"><br>La conduite supervis\u00e9e n&rsquo;impose ni dur\u00e9e minimale, ni distance minimale \u00e0 parcourir.<\/p>\n<\/div><\/div>\n\n\n\n<div style=\"height:66px\" aria-hidden=\"true\" class=\"wp-block-spacer\"><\/div>\n\n\n\n<div class=\"wp-block-media-text is-stacked-on-mobile\" style=\"grid-template-columns:25% auto\"><figure class=\"wp-block-media-text__media\"><img decoding=\"async\" width=\"626\" height=\"626\" src=\"http:\/\/amfconduite.com\/wp-content\/uploads\/2025\/02\/document-a-avoir-.jpg\" alt=\"\" class=\"wp-image-1717 size-full\" srcset=\"https:\/\/amfconduite.com\/wp-content\/uploads\/2025\/02\/document-a-avoir-.jpg 626w, https:\/\/amfconduite.com\/wp-content\/uploads\/2025\/02\/document-a-avoir--300x300.jpg 300w, https:\/\/amfconduite.com\/wp-content\/uploads\/2025\/02\/document-a-avoir--150x150.jpg 150w\" sizes=\"(max-width: 626px) 100vw, 626px\" \/><\/figure><div class=\"wp-block-media-text__content\">\n<p class=\"has-ast-global-color-7-color has-text-color has-link-color has-medium-font-size wp-elements-9168a6e29d171f3eea2965ede624ac31\"><strong>Document \u00e0 fournir :<\/strong><\/p>\n\n\n\n<ul class=\"wp-block-list\">\n<li class=\"has-ast-global-color-8-color has-text-color has-link-color wp-elements-05a1d748a4b8bb03095f61894c409c27\"><strong>Pi\u00e8ce d\u2019identit\u00e9 en cours de validit\u00e9 recto\/verso<\/strong>&nbsp;(CNI, titre de s\u00e9jour ou passeport)<\/li>\n\n\n\n<li class=\"has-ast-global-color-8-color has-text-color has-link-color wp-elements-57290ae988375dc0b73820e485448353\"><strong>Justificatif de domicile de moins de 6 mois&nbsp;<\/strong>( facture eau, gaz, \u00e9lectricit\u00e9) si le justificatif de domicile n\u2019est pas \u00e0 votre nom, vous devez fournir une attestation d\u2019h\u00e9bergement ainsi que la pi\u00e8ce d\u2019identit\u00e9 recto\/verso de l\u2019h\u00e9bergeur.<\/li>\n\n\n\n<li class=\"has-ast-global-color-8-color has-text-color has-link-color wp-elements-cef8979aa394ab5546385eb744ec9051\"><strong>Certificat de la Journ\u00e9e D\u00e9fense et Citoyennet\u00e9 (JDC)<\/strong>&nbsp;ou l\u2019attestation provisoire en instance de convocation \u00e0 la JDC ou l\u2019attestation individuelle d\u2019exemption. Si vous \u00eates fran\u00e7ais(e) et \u00e2g\u00e9(e) de 17 \u00e0 25 ans.<\/li>\n\n\n\n<li class=\"has-ast-global-color-8-color has-text-color has-link-color wp-elements-c27ed37168bb86041509dcdaa0c5b3e4\"><strong>(E-Photo)<\/strong>: Une photo d\u2019identit\u00e9 num\u00e9rique.<\/li>\n<\/ul>\n<\/div><\/div>\n\n\n\n<div style=\"height:190px\" aria-hidden=\"true\" class=\"wp-block-spacer\"><\/div>\n","protected":false},"excerpt":{"rendered":"<p>Nos tarifs Pack Permis B Bo\u00eete Manuelle 20 heures Evaluation de d\u00e9part offerte Gestion dossier offert Total 990\u20ac au lieu [&hellip;]<\/p>\n","protected":false},"author":1,"featured_media":0,"parent":0,"menu_order":0,"comment_status":"closed","ping_status":"closed","template":"","meta":{"_uag_custom_page_level_css":"","site-sidebar-layout":"default","site-content-layout":"","ast-site-content-layout":"","site-content-style":"default","site-sidebar-style":"default","ast-global-header-display":"","ast-banner-title-visibility":"","ast-main-header-display":"","ast-hfb-above-header-display":"","ast-hfb-below-header-display":"","ast-hfb-mobile-header-display":"","site-post-title":"disabled","ast-breadcrumbs-content":"","ast-featured-img":"","footer-sml-layout":"","theme-transparent-header-meta":"","adv-header-id-meta":"","stick-header-meta":"","header-above-stick-meta":"","header-main-stick-meta":"","header-below-stick-meta":"","astra-migrate-meta-layouts":"default","ast-page-background-enabled":"default","ast-page-background-meta":{"desktop":{"background-color":"var(--ast-global-color-4)","background-image":"","background-repeat":"repeat","background-position":"center center","background-size":"auto","background-attachment":"scroll","background-type":"","background-media":"","overlay-type":"","overlay-color":"","overlay-opacity":"","overlay-gradient":""},"tablet":{"background-color":"","background-image":"","background-repeat":"repeat","background-position":"center center","background-size":"auto","background-attachment":"scroll","background-type":"","background-media":"","overlay-type":"","overlay-color":"","overlay-opacity":"","overlay-gradient":""},"mobile":{"background-color":"","background-image":"","background-repeat":"repeat","background-position":"center center","background-size":"auto","background-attachment":"scroll","background-type":"","background-media":"","overlay-type":"","overlay-color":"","overlay-opacity":"","overlay-gradient":""}},"ast-content-background-meta":{"desktop":{"background-color":"var(--ast-global-color-5)","background-image":"","background-repeat":"repeat","background-position":"center center","background-size":"auto","background-attachment":"scroll","background-type":"","background-media":"","overlay-type":"","overlay-color":"","overlay-opacity":"","overlay-gradient":""},"tablet":{"background-color":"var(--ast-global-color-5)","background-image":"","background-repeat":"repeat","background-position":"center center","background-size":"auto","background-attachment":"scroll","background-type":"","background-media":"","overlay-type":"","overlay-color":"","overlay-opacity":"","overlay-gradient":""},"mobile":{"background-color":"var(--ast-global-color-5)","background-image":"","background-repeat":"repeat","background-position":"center center","background-size":"auto","background-attachment":"scroll","background-type":"","background-media":"","overlay-type":"","overlay-color":"","overlay-opacity":"","overlay-gradient":""}},"footnotes":""},"class_list":["post-1514","page","type-page","status-publish","hentry"],"uagb_featured_image_src":{"full":false,"thumbnail":false,"medium":false,"medium_large":false,"large":false,"1536x1536":false,"2048x2048":false},"uagb_author_info":{"display_name":"admin2651","author_link":"https:\/\/amfconduite.com\/index.php\/author\/admin2651\/"},"uagb_comment_info":0,"uagb_excerpt":"Nos tarifs Pack Permis B Bo\u00eete Manuelle 20 heures Evaluation de d\u00e9part offerte Gestion dossier offert Total 990\u20ac au lieu [&hellip;]","_links":{"self":[{"href":"https:\/\/amfconduite.com\/index.php\/wp-json\/wp\/v2\/pages\/1514","targetHints":{"allow":["GET"]}}],"collection":[{"href":"https:\/\/amfconduite.com\/index.php\/wp-json\/wp\/v2\/pages"}],"about":[{"href":"https:\/\/amfconduite.com\/index.php\/wp-json\/wp\/v2\/types\/page"}],"author":[{"embeddable":true,"href":"https:\/\/amfconduite.com\/index.php\/wp-json\/wp\/v2\/users\/1"}],"replies":[{"embeddable":true,"href":"https:\/\/amfconduite.com\/index.php\/wp-json\/wp\/v2\/comments?post=1514"}],"version-history":[{"count":34,"href":"https:\/\/amfconduite.com\/index.php\/wp-json\/wp\/v2\/pages\/1514\/revisions"}],"predecessor-version":[{"id":1803,"href":"https:\/\/amfconduite.com\/index.php\/wp-json\/wp\/v2\/pages\/1514\/revisions\/1803"}],"wp:attachment":[{"href":"https:\/\/amfconduite.com\/index.php\/wp-json\/wp\/v2\/media?parent=1514"}],"curies":[{"name":"wp","href":"https:\/\/api.w.org\/{rel}","templated":true}]}}