{"id":1663,"date":"2025-02-08T14:36:18","date_gmt":"2025-02-08T13:36:18","guid":{"rendered":"https:\/\/amfconduite.com\/?page_id=1663"},"modified":"2026-01-02T18:02:49","modified_gmt":"2026-01-02T17:02:49","slug":"pack-permis-b-boite-manuelle-20-heures","status":"publish","type":"page","link":"https:\/\/amfconduite.com\/index.php\/pack-permis-b-boite-manuelle-20-heures\/","title":{"rendered":"Permis B Bo\u00eete Manuelle"},"content":{"rendered":"\n<div style=\"height:78px\" aria-hidden=\"true\" class=\"wp-block-spacer\"><\/div>\n\n\n\n<figure class=\"wp-block-image alignleft size-full is-resized has-custom-border\"><img fetchpriority=\"high\" decoding=\"async\" width=\"600\" height=\"337\" src=\"http:\/\/amfconduite.com\/wp-content\/uploads\/2025\/02\/boite-de-vitesses-manuelle-1.webp\" alt=\"\" class=\"wp-image-1664\" style=\"border-style:none;border-width:0px;width:530px;height:auto\" srcset=\"https:\/\/amfconduite.com\/wp-content\/uploads\/2025\/02\/boite-de-vitesses-manuelle-1.webp 600w, https:\/\/amfconduite.com\/wp-content\/uploads\/2025\/02\/boite-de-vitesses-manuelle-1-300x169.webp 300w\" sizes=\"(max-width: 600px) 100vw, 600px\" \/><\/figure>\n\n\n\n<h2 class=\"wp-block-heading has-text-align-center has-ast-global-color-8-color has-text-color has-link-color has-x-large-font-size wp-elements-2a88e36939c52f6ce3b99ac5355610c0\">Votre permis de conduire boite manuelle en toute s\u00e9r\u00e9nit\u00e9<\/h2>\n\n\n\n<p class=\"has-luminous-vivid-orange-color has-text-color has-link-color wp-elements-12050bd1294513a166e35ab702eff5cc\"><strong>Permis B Boite manuelle Forfait 20 heures <\/strong>de conduite<\/p>\n\n\n\n<ul class=\"wp-block-list\">\n<li>D\u00e9marches ANTS, code en ligne + 20 heures de le\u00e7ons de conduite, c\u2019est la formule la plus courante pour passer le permis de conduire. Th\u00e9orie et pratique \u00e0 votre rythme. Vous prenez le volant pour une moyenne de 2 le\u00e7ons de conduite par semaine, en fonction de vos disponibilit\u00e9s. <strong>TARIF:<\/strong> 1090\u20ac<\/li>\n\n\n\n<li><strong>TARIF<\/strong> sans le code comprenant les 20 le\u00e7ons de conduite 990\u20ac<\/li>\n<\/ul>\n\n\n\n<div style=\"height:65px\" aria-hidden=\"true\" class=\"wp-block-spacer\"><\/div>\n\n\n\n<h4 class=\"wp-block-heading has-luminous-vivid-orange-color has-text-color has-link-color has-medium-font-size wp-elements-d51ea850f93eaf2752fbcd7e30db4b39\">DETAIL DU FORFAIT INITIAL BOITE MANUELLE <\/h4>\n\n\n\n<ul class=\"wp-block-list\">\n<li class=\"has-ast-global-color-8-color has-text-color has-link-color wp-elements-05ff50ea4415e56cb9cb304bde35c2b8\">Une \u00e9valuation de d\u00e9part <\/li>\n\n\n\n<li class=\"has-ast-global-color-8-color has-text-color has-link-color wp-elements-61bcaa2442075e9c188ac88b3f4d81c0\">Frais d\u2019inscriptions et d\u00e9marche ANTS<\/li>\n\n\n\n<li class=\"has-ast-global-color-8-color has-text-color has-link-color wp-elements-44ab88c1e4385279b140d2d1337b4b40\">Fournitures p\u00e9dagogiques (suivi mobile application)<\/li>\n\n\n\n<li class=\"has-ast-global-color-8-color has-text-color has-link-color wp-elements-ea3b911a9f10a228e344891ac8a251b5\">20 le\u00e7ons de conduite  (2 le\u00e7ons de conduite par semaine)<\/li>\n\n\n\n<li class=\"has-ast-global-color-8-color has-text-color has-link-color wp-elements-dcf9b085d19cdc9cad6a08f2cf47d14f\">\u00c9coute p\u00e9dagogique en illimit\u00e9<\/li>\n\n\n\n<li class=\"has-ast-global-color-8-color has-text-color has-link-color wp-elements-65b98a8b01ae4d7578902407b62306ec\">*Examen de conduite (dur\u00e9e 30 min) au tarif de 50\u20ac<\/li>\n<\/ul>\n\n\n\n<div style=\"height:33px\" aria-hidden=\"true\" class=\"wp-block-spacer\"><\/div>\n\n\n\n<h2 class=\"wp-block-heading has-luminous-vivid-orange-color has-text-color has-link-color has-medium-font-size wp-elements-d6e97ecf2dcad5d071286f172ff82217\">DETAIL DU FORFAIT ACC\u00c9L\u00c9R\u00c9 BOITE MANUELLE<\/h2>\n\n\n\n<ul class=\"wp-block-list\">\n<li class=\"has-ast-global-color-8-color has-text-color has-link-color wp-elements-05ff50ea4415e56cb9cb304bde35c2b8\">Une \u00e9valuation de d\u00e9part <\/li>\n\n\n\n<li class=\"has-ast-global-color-8-color has-text-color has-link-color wp-elements-61bcaa2442075e9c188ac88b3f4d81c0\">Frais d\u2019inscriptions et d\u00e9marche ANTS<\/li>\n\n\n\n<li class=\"has-ast-global-color-8-color has-text-color has-link-color wp-elements-44ab88c1e4385279b140d2d1337b4b40\">Fournitures p\u00e9dagogiques (suivi mobile application)<\/li>\n\n\n\n<li class=\"has-ast-global-color-8-color has-text-color has-link-color wp-elements-28b554db6b43096bce2cfc52ff2530c0\">20 le\u00e7ons de conduite (4 le\u00e7ons de conduite par semaine)<\/li>\n\n\n\n<li class=\"has-ast-global-color-8-color has-text-color has-link-color wp-elements-dcf9b085d19cdc9cad6a08f2cf47d14f\">\u00c9coute p\u00e9dagogique en illimit\u00e9<\/li>\n\n\n\n<li class=\"has-ast-global-color-8-color has-text-color has-link-color wp-elements-6784deadc9daab1f70112eb834436b5d\">Examen de conduite (dur\u00e9e 30 min)<\/li>\n<\/ul>\n\n\n\n<div style=\"height:94px\" aria-hidden=\"true\" class=\"wp-block-spacer\"><\/div>\n\n\n\n<h2 class=\"wp-block-heading has-text-align-center has-ast-global-color-4-background-color has-background has-medium-font-size\" style=\"border-width:4px\">Qui est concern\u00e9 par la formule classique pour une bo\u00eete manuelle ?<\/h2>\n\n\n\n<p class=\"has-ast-global-color-8-color has-text-color has-link-color wp-elements-14d683d1a834b6dd90abcea12b541802\">La formule classique pour une bo\u00eete manuelle permet au conducteur de ressentir une ma\u00eetrise totale du changement des rapports de vitesse. Pour s&rsquo;y orienter, il faut respecter certaines conditions :<\/p>\n\n\n\n<ul class=\"wp-block-list\">\n<li class=\"has-ast-global-color-8-color has-text-color has-link-color wp-elements-ded54b30a01b0f8c071fb3a5c7fd0899\">Avoir au moins 15 ans pour d\u00e9buter la conduite accompagn\u00e9e (AAC).<\/li>\n\n\n\n<li class=\"has-ast-global-color-8-color has-text-color has-link-color wp-elements-91f24c08da2fb66922932548cdb7fe5b\">Avoir au moins 17 ans pour passer le permis B (permis voiture). <\/li>\n<\/ul>\n\n\n\n<div style=\"height:87px\" aria-hidden=\"true\" class=\"wp-block-spacer\"><\/div>\n\n\n\n<h2 class=\"wp-block-heading has-text-align-left has-medium-font-size\"><strong>Document \u00e0 fournir pour le Num\u00e9ro NEPH : <\/strong><\/h2>\n\n\n\n<div style=\"height:49px\" aria-hidden=\"true\" class=\"wp-block-spacer\"><\/div>\n\n\n\n<ol class=\"wp-block-list\">\n<li class=\"has-ast-global-color-7-color has-text-color has-link-color wp-elements-f7f1e319a134343893d634649767d7f3\"> <strong>Pi\u00e8ce d&rsquo;identit\u00e9 en cours de validit\u00e9 recto\/verso<\/strong> (CNI, titre de s\u00e9jour ou passeport)<\/li>\n\n\n\n<li class=\"has-ast-global-color-7-color has-text-color has-link-color wp-elements-42f710cde3a7c7e8ccbebe12be2587d5\"><strong>Justificatif de domicile de moins de 6 mois <\/strong>( facture eau, gaz, \u00e9lectricit\u00e9) si le justificatif de domicile n&rsquo;est pas \u00e0 votre nom, vous devez fournir une attestation d&rsquo;h\u00e9bergement ainsi que la pi\u00e8ce d&rsquo;identit\u00e9 recto\/verso de l&rsquo;h\u00e9bergeur. <\/li>\n\n\n\n<li class=\"has-ast-global-color-7-color has-text-color has-link-color wp-elements-2d18dafb9b2133e8d290565eb46d355b\"><strong>Certificat de la Journ\u00e9e D\u00e9fense et Citoyennet\u00e9 (JDC)<\/strong> ou l&rsquo;attestation provisoire en instance de convocation \u00e0 la JDC ou l&rsquo;attestation individuelle d&rsquo;exemption. Si vous \u00eates fran\u00e7ais(e) et \u00e2g\u00e9(e) de 17 \u00e0 25 ans. <\/li>\n\n\n\n<li class=\"has-ast-global-color-8-color has-text-color has-link-color wp-elements-fa4e59d6566591c4530ecad2da3d0b43\"><strong>(E-Photo)<\/strong>: Une photo d&rsquo;identit\u00e9 num\u00e9rique.<\/li>\n\n\n\n<li><strong>ASSR2<\/strong><\/li>\n<\/ol>\n\n\n\n<div style=\"height:134px\" aria-hidden=\"true\" class=\"wp-block-spacer\"><\/div>\n\n\n\n<div class=\"wp-block-cover has-custom-content-position is-position-center-right\" style=\"min-height:320px;aspect-ratio:unset;\"><img decoding=\"async\" width=\"1024\" height=\"246\" class=\"wp-block-cover__image-background wp-image-1729\" alt=\"\" src=\"https:\/\/amfconduite.com\/wp-content\/uploads\/2025\/02\/Capture-decran-2025-02-13-182805.png\" style=\"object-position:11% 60%\" data-object-fit=\"cover\" data-object-position=\"11% 60%\" srcset=\"https:\/\/amfconduite.com\/wp-content\/uploads\/2025\/02\/Capture-decran-2025-02-13-182805.png 1024w, https:\/\/amfconduite.com\/wp-content\/uploads\/2025\/02\/Capture-decran-2025-02-13-182805-300x72.png 300w, https:\/\/amfconduite.com\/wp-content\/uploads\/2025\/02\/Capture-decran-2025-02-13-182805-768x185.png 768w\" sizes=\"(max-width: 1024px) 100vw, 1024px\" \/><span aria-hidden=\"true\" class=\"wp-block-cover__background has-background-dim\"><\/span><div class=\"wp-block-cover__inner-container is-layout-flow wp-block-cover-is-layout-flow\">\n<div class=\"wp-block-uagb-advanced-heading uagb-block-588968e6\"><h2 class=\"uagb-heading-text\"><strong>Vous \u00eates int\u00e9ress\u00e9 pour le permis bo\u00eete manuelle :<\/strong><\/h2><\/div>\n\n\n\n<div class=\"wp-block-buttons is-content-justification-center is-layout-flex wp-container-core-buttons-is-layout-a89b3969 wp-block-buttons-is-layout-flex\">\n<div class=\"wp-block-button\"><a class=\"wp-block-button__link has-background wp-element-button\" href=\"https:\/\/amfconduite.com\/index.php\/contacts\/\" style=\"background:linear-gradient(135deg,rgb(252,185,0) 0%,rgb(255,105,0) 100%)\">Contactez nous <\/a><\/div>\n<\/div>\n<\/div><\/div>\n\n\n\n<div style=\"height:135px\" aria-hidden=\"true\" class=\"wp-block-spacer\"><\/div>\n","protected":false},"excerpt":{"rendered":"<p>Votre permis de conduire boite manuelle en toute s\u00e9r\u00e9nit\u00e9 Permis B Boite manuelle Forfait 20 heures de conduite DETAIL DU [&hellip;]<\/p>\n","protected":false},"author":1,"featured_media":0,"parent":0,"menu_order":0,"comment_status":"closed","ping_status":"closed","template":"","meta":{"_uag_custom_page_level_css":"","site-sidebar-layout":"default","site-content-layout":"","ast-site-content-layout":"","site-content-style":"default","site-sidebar-style":"default","ast-global-header-display":"","ast-banner-title-visibility":"","ast-main-header-display":"","ast-hfb-above-header-display":"","ast-hfb-below-header-display":"","ast-hfb-mobile-header-display":"","site-post-title":"disabled","ast-breadcrumbs-content":"","ast-featured-img":"","footer-sml-layout":"","theme-transparent-header-meta":"","adv-header-id-meta":"","stick-header-meta":"","header-above-stick-meta":"","header-main-stick-meta":"","header-below-stick-meta":"","astra-migrate-meta-layouts":"default","ast-page-background-enabled":"default","ast-page-background-meta":{"desktop":{"background-color":"var(--ast-global-color-4)","background-image":"","background-repeat":"repeat","background-position":"center center","background-size":"auto","background-attachment":"scroll","background-type":"","background-media":"","overlay-type":"","overlay-color":"","overlay-opacity":"","overlay-gradient":""},"tablet":{"background-color":"","background-image":"","background-repeat":"repeat","background-position":"center center","background-size":"auto","background-attachment":"scroll","background-type":"","background-media":"","overlay-type":"","overlay-color":"","overlay-opacity":"","overlay-gradient":""},"mobile":{"background-color":"","background-image":"","background-repeat":"repeat","background-position":"center center","background-size":"auto","background-attachment":"scroll","background-type":"","background-media":"","overlay-type":"","overlay-color":"","overlay-opacity":"","overlay-gradient":""}},"ast-content-background-meta":{"desktop":{"background-color":"var(--ast-global-color-5)","background-image":"","background-repeat":"repeat","background-position":"center center","background-size":"auto","background-attachment":"scroll","background-type":"","background-media":"","overlay-type":"","overlay-color":"","overlay-opacity":"","overlay-gradient":""},"tablet":{"background-color":"var(--ast-global-color-5)","background-image":"","background-repeat":"repeat","background-position":"center center","background-size":"auto","background-attachment":"scroll","background-type":"","background-media":"","overlay-type":"","overlay-color":"","overlay-opacity":"","overlay-gradient":""},"mobile":{"background-color":"var(--ast-global-color-5)","background-image":"","background-repeat":"repeat","background-position":"center center","background-size":"auto","background-attachment":"scroll","background-type":"","background-media":"","overlay-type":"","overlay-color":"","overlay-opacity":"","overlay-gradient":""}},"footnotes":""},"class_list":["post-1663","page","type-page","status-publish","hentry"],"uagb_featured_image_src":{"full":false,"thumbnail":false,"medium":false,"medium_large":false,"large":false,"1536x1536":false,"2048x2048":false},"uagb_author_info":{"display_name":"admin2651","author_link":"https:\/\/amfconduite.com\/index.php\/author\/admin2651\/"},"uagb_comment_info":0,"uagb_excerpt":"Votre permis de conduire boite manuelle en toute s\u00e9r\u00e9nit\u00e9 Permis B Boite manuelle Forfait 20 heures de conduite DETAIL DU [&hellip;]","_links":{"self":[{"href":"https:\/\/amfconduite.com\/index.php\/wp-json\/wp\/v2\/pages\/1663","targetHints":{"allow":["GET"]}}],"collection":[{"href":"https:\/\/amfconduite.com\/index.php\/wp-json\/wp\/v2\/pages"}],"about":[{"href":"https:\/\/amfconduite.com\/index.php\/wp-json\/wp\/v2\/types\/page"}],"author":[{"embeddable":true,"href":"https:\/\/amfconduite.com\/index.php\/wp-json\/wp\/v2\/users\/1"}],"replies":[{"embeddable":true,"href":"https:\/\/amfconduite.com\/index.php\/wp-json\/wp\/v2\/comments?post=1663"}],"version-history":[{"count":15,"href":"https:\/\/amfconduite.com\/index.php\/wp-json\/wp\/v2\/pages\/1663\/revisions"}],"predecessor-version":[{"id":1812,"href":"https:\/\/amfconduite.com\/index.php\/wp-json\/wp\/v2\/pages\/1663\/revisions\/1812"}],"wp:attachment":[{"href":"https:\/\/amfconduite.com\/index.php\/wp-json\/wp\/v2\/media?parent=1663"}],"curies":[{"name":"wp","href":"https:\/\/api.w.org\/{rel}","templated":true}]}}