{"id":1692,"date":"2025-02-08T18:39:34","date_gmt":"2025-02-08T17:39:34","guid":{"rendered":"https:\/\/amfconduite.com\/?page_id=1692"},"modified":"2026-01-02T17:50:14","modified_gmt":"2026-01-02T16:50:14","slug":"conduite-accompagner-acc","status":"publish","type":"page","link":"https:\/\/amfconduite.com\/index.php\/conduite-accompagner-acc\/","title":{"rendered":"Conduite Accompagner ACC"},"content":{"rendered":"\n<div class=\"wp-block-media-text is-stacked-on-mobile\" style=\"grid-template-columns:28% auto\"><figure class=\"wp-block-media-text__media\"><img fetchpriority=\"high\" decoding=\"async\" width=\"564\" height=\"564\" src=\"http:\/\/amfconduite.com\/wp-content\/uploads\/2024\/11\/accompagner-1.jpg\" alt=\"\" class=\"wp-image-1551 size-full\" srcset=\"https:\/\/amfconduite.com\/wp-content\/uploads\/2024\/11\/accompagner-1.jpg 564w, https:\/\/amfconduite.com\/wp-content\/uploads\/2024\/11\/accompagner-1-300x300.jpg 300w, https:\/\/amfconduite.com\/wp-content\/uploads\/2024\/11\/accompagner-1-150x150.jpg 150w\" sizes=\"(max-width: 564px) 100vw, 564px\" \/><\/figure><div class=\"wp-block-media-text__content\">\n<p class=\"has-text-align-center has-ast-global-color-8-color has-text-color has-link-color has-large-font-size wp-elements-5d8d90c1f3c243d0fb4713aa8f9acd54\"><em><strong>Conduite Accompagn\u00e9e (AC<\/strong><\/em><strong><em>C) <\/em>\u00e0 partir de 1250\u20ac<\/strong><\/p>\n\n\n\n<p class=\"has-text-align-left has-medium-font-size\"><strong>Optez pour la conduite accompagn\u00e9e et b\u00e9n\u00e9ficiez d&rsquo;une formation personnalis\u00e9e en famille, adapt\u00e9e \u00e0 vos besoins.<\/strong><\/p>\n<\/div><\/div>\n\n\n\n<div style=\"height:84px\" aria-hidden=\"true\" class=\"wp-block-spacer\"><\/div>\n\n\n\n<div class=\"wp-block-media-text has-media-on-the-right is-stacked-on-mobile\"><div class=\"wp-block-media-text__content\">\n<p class=\"has-ast-global-color-7-color has-text-color has-link-color wp-elements-63e6b1121d64c55e7d878d44f2d27483\"><strong>L\u2019AAC permet l&rsquo;apprentissage de la conduite d\u00e8s 15 ans<\/strong> : <\/p>\n\n\n\n<p class=\"has-ast-global-color-8-color has-text-color has-link-color wp-elements-cbb03de6b46841b55f12bf7ad6b73aa7\">L&rsquo;\u00e9l\u00e8ve commence par passer son code et suit 20h minimum de le\u00e7ons de conduite <strong>+ les 2 heures de rendez-vous pr\u00e9alable (avec son accompagnateur)<\/strong><br>L&rsquo;\u00e9l\u00e8ve recevra une attestation de \u00a0\u00bb fin de formation initiale \u00ab\u00a0, \u00e0 partir du moment o\u00f9 le moniteur consid\u00e8re son \u00e9l\u00e8ve pr\u00eat \u00e0 prendre la route et commencer ainsi la conduite accompagn\u00e9e. Elle consiste <strong>\u00e0 parcourir au moins 3000 km au volant avec un accompagnateur<\/strong>, \u00ab\u00a0ange gardien \u00a0\u00bb titulaire du permis B depuis au moins 5 ans. Durant l&rsquo;apprentissage, l&rsquo;\u00e9l\u00e8ve et son accompagnateur participent \u00e0 2 rendez-vous p\u00e9dagogiques de 3h chacun avec le moniteur.<br>La phase de conduite accompagn\u00e9e doit durer au moins un an, et l&rsquo;apprenti conducteur doit parcourir au moins 3000 Km aux c\u00f4t\u00e9s de son accompagnateur. Tout au long de cette p\u00e9riode, les trajets et le<br>kilom\u00e9trage doivent \u00eatre inscrits sur le carnet pour le suivi.<\/p>\n<\/div><figure class=\"wp-block-media-text__media\"><img decoding=\"async\" width=\"1024\" height=\"688\" src=\"http:\/\/amfconduite.com\/wp-content\/uploads\/2025\/02\/35f0a2c488b15596993278a37e5f0355-1024x688.jpg\" alt=\"\" class=\"wp-image-1694 size-full\" srcset=\"https:\/\/amfconduite.com\/wp-content\/uploads\/2025\/02\/35f0a2c488b15596993278a37e5f0355-1024x688.jpg 1024w, https:\/\/amfconduite.com\/wp-content\/uploads\/2025\/02\/35f0a2c488b15596993278a37e5f0355-300x202.jpg 300w, https:\/\/amfconduite.com\/wp-content\/uploads\/2025\/02\/35f0a2c488b15596993278a37e5f0355-768x516.jpg 768w, https:\/\/amfconduite.com\/wp-content\/uploads\/2025\/02\/35f0a2c488b15596993278a37e5f0355.jpg 1200w\" sizes=\"(max-width: 1024px) 100vw, 1024px\" \/><\/figure><\/div>\n\n\n\n<div style=\"height:25px\" aria-hidden=\"true\" class=\"wp-block-spacer\"><\/div>\n\n\n\n<h3 class=\"wp-block-heading has-luminous-vivid-orange-color has-text-color has-link-color wp-elements-a364482b9545353b19064866081904ed\"><em>Passage de l\u2019examen<\/em><\/h3>\n\n\n\n<p class=\"has-ast-global-color-8-color has-text-color has-link-color wp-elements-5fe7f7a8dde648c486cb7ccfdbb8e3f9\">Au terme de sa formation, le candidat peut se pr\u00e9senter d\u00e8s l\u2019\u00e2ge de 17 ans aux \u00e9preuves pratiques du permis de conduire. En cas de succ\u00e8s, il pourra ainsi commencer \u00e0 conduire seul.<\/p>\n\n\n\n<p class=\"has-ast-global-color-8-color has-text-color has-link-color wp-elements-40700c3a65b9e7019b6e312c4856f757\">Quand le candidat obtient le permis de conduire, l\u2019auto-\u00e9cole lui d\u00e9livre une attestation de fin de conduite accompagn\u00e9e.<\/p>\n\n\n\n<p class=\"has-ast-global-color-8-color has-text-color has-link-color wp-elements-b07b859d99a69f0c560f34469087500c\">Cette attestation doit \u00eatre remise \u00e0 l\u2019assureur afin d\u2019obtenir des rabais sur la surprime jeune conducteur.<\/p>\n\n\n\n<div style=\"height:169px\" aria-hidden=\"true\" class=\"wp-block-spacer\"><\/div>\n","protected":false},"excerpt":{"rendered":"<p>Conduite Accompagn\u00e9e (ACC) \u00e0 partir de 1250\u20ac Optez pour la conduite accompagn\u00e9e et b\u00e9n\u00e9ficiez d&rsquo;une formation personnalis\u00e9e en famille, adapt\u00e9e [&hellip;]<\/p>\n","protected":false},"author":1,"featured_media":0,"parent":0,"menu_order":0,"comment_status":"closed","ping_status":"closed","template":"","meta":{"_uag_custom_page_level_css":"","site-sidebar-layout":"default","site-content-layout":"","ast-site-content-layout":"","site-content-style":"default","site-sidebar-style":"default","ast-global-header-display":"","ast-banner-title-visibility":"","ast-main-header-display":"","ast-hfb-above-header-display":"","ast-hfb-below-header-display":"","ast-hfb-mobile-header-display":"","site-post-title":"disabled","ast-breadcrumbs-content":"","ast-featured-img":"","footer-sml-layout":"","theme-transparent-header-meta":"","adv-header-id-meta":"","stick-header-meta":"","header-above-stick-meta":"","header-main-stick-meta":"","header-below-stick-meta":"","astra-migrate-meta-layouts":"default","ast-page-background-enabled":"default","ast-page-background-meta":{"desktop":{"background-color":"var(--ast-global-color-4)","background-image":"","background-repeat":"repeat","background-position":"center center","background-size":"auto","background-attachment":"scroll","background-type":"","background-media":"","overlay-type":"","overlay-color":"","overlay-opacity":"","overlay-gradient":""},"tablet":{"background-color":"","background-image":"","background-repeat":"repeat","background-position":"center center","background-size":"auto","background-attachment":"scroll","background-type":"","background-media":"","overlay-type":"","overlay-color":"","overlay-opacity":"","overlay-gradient":""},"mobile":{"background-color":"","background-image":"","background-repeat":"repeat","background-position":"center center","background-size":"auto","background-attachment":"scroll","background-type":"","background-media":"","overlay-type":"","overlay-color":"","overlay-opacity":"","overlay-gradient":""}},"ast-content-background-meta":{"desktop":{"background-color":"var(--ast-global-color-5)","background-image":"","background-repeat":"repeat","background-position":"center center","background-size":"auto","background-attachment":"scroll","background-type":"","background-media":"","overlay-type":"","overlay-color":"","overlay-opacity":"","overlay-gradient":""},"tablet":{"background-color":"var(--ast-global-color-5)","background-image":"","background-repeat":"repeat","background-position":"center center","background-size":"auto","background-attachment":"scroll","background-type":"","background-media":"","overlay-type":"","overlay-color":"","overlay-opacity":"","overlay-gradient":""},"mobile":{"background-color":"var(--ast-global-color-5)","background-image":"","background-repeat":"repeat","background-position":"center center","background-size":"auto","background-attachment":"scroll","background-type":"","background-media":"","overlay-type":"","overlay-color":"","overlay-opacity":"","overlay-gradient":""}},"footnotes":""},"class_list":["post-1692","page","type-page","status-publish","hentry"],"uagb_featured_image_src":{"full":false,"thumbnail":false,"medium":false,"medium_large":false,"large":false,"1536x1536":false,"2048x2048":false},"uagb_author_info":{"display_name":"admin2651","author_link":"https:\/\/amfconduite.com\/index.php\/author\/admin2651\/"},"uagb_comment_info":0,"uagb_excerpt":"Conduite Accompagn\u00e9e (ACC) \u00e0 partir de 1250\u20ac Optez pour la conduite accompagn\u00e9e et b\u00e9n\u00e9ficiez d&rsquo;une formation personnalis\u00e9e en famille, adapt\u00e9e [&hellip;]","_links":{"self":[{"href":"https:\/\/amfconduite.com\/index.php\/wp-json\/wp\/v2\/pages\/1692","targetHints":{"allow":["GET"]}}],"collection":[{"href":"https:\/\/amfconduite.com\/index.php\/wp-json\/wp\/v2\/pages"}],"about":[{"href":"https:\/\/amfconduite.com\/index.php\/wp-json\/wp\/v2\/types\/page"}],"author":[{"embeddable":true,"href":"https:\/\/amfconduite.com\/index.php\/wp-json\/wp\/v2\/users\/1"}],"replies":[{"embeddable":true,"href":"https:\/\/amfconduite.com\/index.php\/wp-json\/wp\/v2\/comments?post=1692"}],"version-history":[{"count":10,"href":"https:\/\/amfconduite.com\/index.php\/wp-json\/wp\/v2\/pages\/1692\/revisions"}],"predecessor-version":[{"id":1810,"href":"https:\/\/amfconduite.com\/index.php\/wp-json\/wp\/v2\/pages\/1692\/revisions\/1810"}],"wp:attachment":[{"href":"https:\/\/amfconduite.com\/index.php\/wp-json\/wp\/v2\/media?parent=1692"}],"curies":[{"name":"wp","href":"https:\/\/api.w.org\/{rel}","templated":true}]}}