{"id":1739,"date":"2025-02-27T14:40:55","date_gmt":"2025-02-27T13:40:55","guid":{"rendered":"https:\/\/amfconduite.com\/?page_id=1739"},"modified":"2025-04-09T11:54:26","modified_gmt":"2025-04-09T09:54:26","slug":"passerelle-boite-automatique-vers-boite-manuelle","status":"publish","type":"page","link":"https:\/\/amfconduite.com\/index.php\/passerelle-boite-automatique-vers-boite-manuelle\/","title":{"rendered":"Passerelle boite automatique vers boite manuelle"},"content":{"rendered":"\n<div style=\"height:101px\" aria-hidden=\"true\" class=\"wp-block-spacer\"><\/div>\n\n\n\n<p class=\"has-ast-global-color-8-color has-text-color has-link-color has-large-font-size wp-elements-faa261f14ce00734900bb8cd2c61d683\"><strong>La Formation Passerelle 7h chez AMF CONDUITE :<\/strong> Passerelle du permis bo\u00eete auto vers bo\u00eete manuelle (B78 vers B)<\/p>\n\n\n\n<div style=\"height:44px\" aria-hidden=\"true\" class=\"wp-block-spacer\"><\/div>\n\n\n\n<div class=\"wp-block-media-text is-stacked-on-mobile\" style=\"grid-template-columns:38% auto\"><figure class=\"wp-block-media-text__media\"><img fetchpriority=\"high\" decoding=\"async\" width=\"735\" height=\"490\" src=\"http:\/\/amfconduite.com\/wp-content\/uploads\/2025\/02\/067451aebda4a26f449d42ebae60029c.jpg\" alt=\"\" class=\"wp-image-1740 size-full\" srcset=\"https:\/\/amfconduite.com\/wp-content\/uploads\/2025\/02\/067451aebda4a26f449d42ebae60029c.jpg 735w, https:\/\/amfconduite.com\/wp-content\/uploads\/2025\/02\/067451aebda4a26f449d42ebae60029c-300x200.jpg 300w\" sizes=\"(max-width: 735px) 100vw, 735px\" \/><\/figure><div class=\"wp-block-media-text__content\">\n<p class=\"has-ast-global-color-8-color has-luminous-vivid-amber-to-luminous-vivid-orange-gradient-background has-text-color has-background has-link-color has-medium-font-size wp-elements-ee6b1ea909985edebbcec9aa1033c6c3\">Passez de la Bo\u00eete Automatique \u00e0 la Bo\u00eete Manuelle avec AMF CONDUITE.<\/p>\n<\/div><\/div>\n\n\n\n<div style=\"height:70px\" aria-hidden=\"true\" class=\"wp-block-spacer\"><\/div>\n\n\n\n<p class=\"has-ast-global-color-7-color has-text-color has-link-color has-medium-font-size wp-elements-80a2e7720dc70eda242894eb22f70bca\"><strong>Qu&rsquo;est-ce que la Formation Passerelle 7h ?<\/strong><\/p>\n\n\n\n<ul class=\"wp-block-list\">\n<li class=\"has-ast-global-color-7-color has-text-color has-link-color wp-elements-9c10d52c10e9f0138e9a055c631ef08c\">La formation passerelle de 7 heures est destin\u00e9e aux conducteurs titulaires d&rsquo;un permis de conduire B avec bo\u00eete automatique, leur permettant de conduire un v\u00e9hicule \u00e0 bo\u00eete manuelle. Cette formation, qui combine th\u00e9orie et pratique, se d\u00e9roule sur une journ\u00e9e et est ouverte \u00e0 toutes les personnes souhaitant supprimer la mention 78 de leur permis.<\/li>\n<\/ul>\n\n\n\n<p class=\"has-ast-global-color-7-color has-text-color has-link-color has-medium-font-size wp-elements-25bbb76edbbe60ed951e320fd26a1637\"><strong>Nouvelle R\u00e9glementation 2024 <\/strong><\/p>\n\n\n\n<p class=\"has-ast-global-color-7-color has-text-color has-link-color wp-elements-d97b825859a04183f7c9ba5c2910477e\">Depuis mars 2024, la l\u00e9gislation fran\u00e7aise permet aux conducteurs ayant obtenu leur permis B en bo\u00eete automatique de suivre une formation de 7 heures pour apprendre \u00e0 conduire une bo\u00eete manuelle. \u00c0 la fin de cette formation, une attestation de suivi vous est d\u00e9livr\u00e9e par notre auto-\u00e9cole. Vous pouvez alors demander la modification de votre permis de conduire pour supprimer la mention 78, qui restreint la conduite aux v\u00e9hicules \u00e0 bo\u00eete automatique.<\/p>\n\n\n\n<p class=\"has-ast-global-color-7-color has-text-color has-link-color has-medium-font-size wp-elements-2202c9fe63edd2fc8e988fa73d51be2b\"><strong>D\u00e9roulement de la Formation Passerelle : <\/strong><\/p>\n\n\n\n<ol class=\"wp-block-list\">\n<li class=\"has-ast-global-color-7-color has-text-color has-link-color wp-elements-9a222eeeb67f1aa7ba382a5b876b2791\"><strong>Formation Th\u00e9orique et Pratique<\/strong>&nbsp;: Pendant 7 heures, nos formateurs exp\u00e9riment\u00e9s vous enseignent les techniques de conduite sp\u00e9cifiques \u00e0 la bo\u00eete manuelle. Vous apprendrez \u00e0 ma\u00eetriser l&#8217;embrayage, le passage des vitesses et \u00e0 adapter votre conduite en fonction du v\u00e9hicule.<\/li>\n\n\n\n<li class=\"has-ast-global-color-7-color has-text-color has-link-color wp-elements-88ba484d3e8b15e6cb7acd179e4dca81\"><strong>Attestation de Suivi<\/strong>&nbsp;: \u00c0 l&rsquo;issue de la formation, nous vous d\u00e9livrons une attestation de suivi. Cette attestation est la preuve que vous avez acquis les comp\u00e9tences n\u00e9cessaires pour conduire une voiture \u00e0 bo\u00eete manuelle.<\/li>\n\n\n\n<li class=\"has-ast-global-color-7-color has-text-color has-link-color wp-elements-fcb0a75114ce54051b4f6a6cebb32f8c\"><strong>Modification de votre Permis<\/strong>&nbsp;: Avec l&rsquo;attestation de suivi, AMF conduite s&rsquo;occupe de la d\u00e9marche en pr\u00e9fecture pour lever la mention 78 de votre permis de conduire. Une fois cette d\u00e9marche effectu\u00e9e, vous pourrez conduire l\u00e9galement des v\u00e9hicules \u00e0 bo\u00eete manuelle.<\/li>\n<\/ol>\n\n\n\n<p class=\"has-ast-global-color-7-color has-text-color has-link-color has-medium-font-size wp-elements-97b11a371f7d45594881e61af9620a89\"><strong>Inscription et Tarifs : <\/strong><\/p>\n\n\n\n<p class=\"has-ast-global-color-7-color has-text-color has-link-color wp-elements-b142db9938a7d6c73de4fcbc2cbb45f7\">La formation passerelle de 7 heures est accessible \u00e0 tous les titulaires d&rsquo;un permis B bo\u00eete automatique. Pour vous inscrire, il vous suffit de nous contacter via web ou par t\u00e9l\u00e9phone. Nos tarifs sont comp\u00e9titifs et nous offrons des facilit\u00e9s de paiement pour rendre cette formation accessible \u00e0 tous.<\/p>\n\n\n\n<div style=\"height:69px\" aria-hidden=\"true\" class=\"wp-block-spacer\"><\/div>\n\n\n\n<p class=\"has-ast-global-color-7-color has-text-color has-link-color has-medium-font-size wp-elements-153794b85fc90dd07a7199557ea68cb0\"><strong>Document \u00e0 fournir pour la cr\u00e9ation du nouveau permis :<\/strong><\/p>\n\n\n\n<ul class=\"wp-block-list\">\n<li class=\"has-ast-global-color-7-color has-text-color has-link-color wp-elements-2d969df5af3dd3c63c728229facf0e02\"><strong>Pi\u00e8ce d\u2019identit\u00e9 en cours de validit\u00e9 recto\/verso&nbsp;<\/strong>(CNI, titre de s\u00e9jour ou passeport)<\/li>\n\n\n\n<li class=\"has-ast-global-color-7-color has-text-color has-link-color wp-elements-74ee8f8c384abf1627203d87f2cfddf6\"><strong>Justificatif de domicile de moins de 6 mois&nbsp;<\/strong>( facture eau, gaz, \u00e9lectricit\u00e9) si le justificatif de domicile n\u2019est pas \u00e0 votre nom, vous devez fournir une attestation d\u2019h\u00e9bergement ainsi que la pi\u00e8ce d\u2019identit\u00e9 recto\/verso de l\u2019h\u00e9bergeur.<\/li>\n\n\n\n<li class=\"has-ast-global-color-7-color has-text-color has-link-color wp-elements-147d82ee7411b972def7f701749f84ef\"><strong>Attestation de formation B78 vers B <\/strong><\/li>\n\n\n\n<li class=\"has-ast-global-color-7-color has-text-color has-link-color wp-elements-7e9226e7ed30e897c2626036989b4011\"><strong>(E-Photo)<\/strong>: Une photo d\u2019identit\u00e9 num\u00e9rique.<\/li>\n\n\n\n<li class=\"has-ast-global-color-7-color has-text-color has-link-color wp-elements-866d4a0402d8175d46cb4bbc2b3c0da9\"><strong>Carte du permis de conduire <\/strong><\/li>\n<\/ul>\n\n\n\n<div style=\"height:103px\" aria-hidden=\"true\" class=\"wp-block-spacer\"><\/div>\n","protected":false},"excerpt":{"rendered":"<p>La Formation Passerelle 7h chez AMF CONDUITE : Passerelle du permis bo\u00eete auto vers bo\u00eete manuelle (B78 vers B) Passez [&hellip;]<\/p>\n","protected":false},"author":1,"featured_media":0,"parent":0,"menu_order":0,"comment_status":"closed","ping_status":"closed","template":"","meta":{"_uag_custom_page_level_css":"","site-sidebar-layout":"default","site-content-layout":"","ast-site-content-layout":"","site-content-style":"default","site-sidebar-style":"default","ast-global-header-display":"","ast-banner-title-visibility":"","ast-main-header-display":"","ast-hfb-above-header-display":"","ast-hfb-below-header-display":"","ast-hfb-mobile-header-display":"","site-post-title":"disabled","ast-breadcrumbs-content":"","ast-featured-img":"","footer-sml-layout":"","theme-transparent-header-meta":"","adv-header-id-meta":"","stick-header-meta":"","header-above-stick-meta":"","header-main-stick-meta":"","header-below-stick-meta":"","astra-migrate-meta-layouts":"default","ast-page-background-enabled":"default","ast-page-background-meta":{"desktop":{"background-color":"var(--ast-global-color-4)","background-image":"","background-repeat":"repeat","background-position":"center center","background-size":"auto","background-attachment":"scroll","background-type":"","background-media":"","overlay-type":"","overlay-color":"","overlay-opacity":"","overlay-gradient":""},"tablet":{"background-color":"","background-image":"","background-repeat":"repeat","background-position":"center center","background-size":"auto","background-attachment":"scroll","background-type":"","background-media":"","overlay-type":"","overlay-color":"","overlay-opacity":"","overlay-gradient":""},"mobile":{"background-color":"","background-image":"","background-repeat":"repeat","background-position":"center center","background-size":"auto","background-attachment":"scroll","background-type":"","background-media":"","overlay-type":"","overlay-color":"","overlay-opacity":"","overlay-gradient":""}},"ast-content-background-meta":{"desktop":{"background-color":"var(--ast-global-color-5)","background-image":"","background-repeat":"repeat","background-position":"center center","background-size":"auto","background-attachment":"scroll","background-type":"","background-media":"","overlay-type":"","overlay-color":"","overlay-opacity":"","overlay-gradient":""},"tablet":{"background-color":"var(--ast-global-color-5)","background-image":"","background-repeat":"repeat","background-position":"center center","background-size":"auto","background-attachment":"scroll","background-type":"","background-media":"","overlay-type":"","overlay-color":"","overlay-opacity":"","overlay-gradient":""},"mobile":{"background-color":"var(--ast-global-color-5)","background-image":"","background-repeat":"repeat","background-position":"center center","background-size":"auto","background-attachment":"scroll","background-type":"","background-media":"","overlay-type":"","overlay-color":"","overlay-opacity":"","overlay-gradient":""}},"footnotes":""},"class_list":["post-1739","page","type-page","status-publish","hentry"],"uagb_featured_image_src":{"full":false,"thumbnail":false,"medium":false,"medium_large":false,"large":false,"1536x1536":false,"2048x2048":false},"uagb_author_info":{"display_name":"admin2651","author_link":"https:\/\/amfconduite.com\/index.php\/author\/admin2651\/"},"uagb_comment_info":0,"uagb_excerpt":"La Formation Passerelle 7h chez AMF CONDUITE : Passerelle du permis bo\u00eete auto vers bo\u00eete manuelle (B78 vers B) Passez [&hellip;]","_links":{"self":[{"href":"https:\/\/amfconduite.com\/index.php\/wp-json\/wp\/v2\/pages\/1739","targetHints":{"allow":["GET"]}}],"collection":[{"href":"https:\/\/amfconduite.com\/index.php\/wp-json\/wp\/v2\/pages"}],"about":[{"href":"https:\/\/amfconduite.com\/index.php\/wp-json\/wp\/v2\/types\/page"}],"author":[{"embeddable":true,"href":"https:\/\/amfconduite.com\/index.php\/wp-json\/wp\/v2\/users\/1"}],"replies":[{"embeddable":true,"href":"https:\/\/amfconduite.com\/index.php\/wp-json\/wp\/v2\/comments?post=1739"}],"version-history":[{"count":4,"href":"https:\/\/amfconduite.com\/index.php\/wp-json\/wp\/v2\/pages\/1739\/revisions"}],"predecessor-version":[{"id":1772,"href":"https:\/\/amfconduite.com\/index.php\/wp-json\/wp\/v2\/pages\/1739\/revisions\/1772"}],"wp:attachment":[{"href":"https:\/\/amfconduite.com\/index.php\/wp-json\/wp\/v2\/media?parent=1739"}],"curies":[{"name":"wp","href":"https:\/\/api.w.org\/{rel}","templated":true}]}}