{"id":1821,"date":"2026-01-02T19:27:00","date_gmt":"2026-01-02T18:27:00","guid":{"rendered":"https:\/\/amfconduite.com\/?page_id=1821"},"modified":"2026-01-02T19:45:44","modified_gmt":"2026-01-02T18:45:44","slug":"les-financements-possibles","status":"publish","type":"page","link":"https:\/\/amfconduite.com\/index.php\/les-financements-possibles\/","title":{"rendered":"Les financements possibles"},"content":{"rendered":"\n<p><\/p>\n\n\n\n<div class=\"wp-block-uagb-container uagb-block-2826b16d alignfull uagb-is-root-container\"><div class=\"uagb-container-inner-blocks-wrap\">\n<div class=\"wp-block-uagb-container uagb-block-2dcac074\">\n<figure class=\"wp-block-image size-full\"><a href=\"https:\/\/www.moncompteformation.gouv.fr\/espace-prive\/html\/#\/formation\/recherche\/resultats?q=%7B%22ou%22:%7B%22modality%22:%22EN_CENTRE_MIXTE%22,%22type%22:%22CP%22,%22ville%22:%7B%22nom%22:%22MARSEILLE%22,%22codePostal%22:%2213015%22,%22codeInsee%22:%2213215%22,%22coordonnee%22:%7B%22longitude%22:5.363327,%22latitude%22:43.35937%7D,%22eligibleCpf%22:true%7D%7D,%22debutPagination%22:1,%22nombreOccurences%22:10,%22contexteFormation%22:%22ACTIVITE_PROFESSIONNELLE%22,%22nomOrganisme%22:%22AMF%20CONDUITE%22,%22conformiteReglementaire%22:null,%22endDate%22:null,%22startDate%22:null,%22evaluation%22:null,%22niveauSortie%22:null,%22minPrix%22:null,%22maxPrix%22:null,%22rythme%22:null,%22onlyWithAbondementsEligibles%22:null,%22durationHours%22:null,%22certifications%22:null,%22distance%22:50000,%22quoi%22:null,%22quoiReferentiel%22:%7B%22code%22:%22CPF206%22,%22libelle%22:%22PERMIS%20B%22,%22type%22:%22CERTIFICATION%22,%22publics%22:%5B%22GD_PUBLIC%22%5D%7D%7D\" target=\"_blank\" rel=\" noreferrer noopener\"><img fetchpriority=\"high\" decoding=\"async\" width=\"225\" height=\"224\" src=\"http:\/\/amfconduite.com\/wp-content\/uploads\/2025\/08\/CPF-2.jpg\" alt=\"\" class=\"wp-image-1799\" srcset=\"https:\/\/amfconduite.com\/wp-content\/uploads\/2025\/08\/CPF-2.jpg 225w, https:\/\/amfconduite.com\/wp-content\/uploads\/2025\/08\/CPF-2-150x150.jpg 150w\" sizes=\"(max-width: 225px) 100vw, 225px\" \/><\/a><\/figure>\n\n\n\n<p><strong>Prends ton forfait avec ton <mark style=\"background-color:rgba(0, 0, 0, 0)\" class=\"has-inline-color has-ast-global-color-2-color\"><kbd>CPF<\/kbd><\/mark><\/strong>! Click et tu seras directement sur nos forfaits CPF<\/p>\n<\/div>\n\n\n\n<div class=\"wp-block-uagb-container uagb-block-8cc1b0f7\">\n<figure class=\"wp-block-image size-full\"><a href=\"https:\/\/www.securite-routiere.gouv.fr\/passer-son-permis-de-conduire\/financement-du-permis-de-conduire\/permis-1-eu-par-jour\/definition-du-permis-1-eu-par-jour\" target=\"_blank\" rel=\" noreferrer noopener\"><img decoding=\"async\" width=\"180\" height=\"156\" src=\"http:\/\/amfconduite.com\/wp-content\/uploads\/2025\/04\/permis-a-1E.jpg\" alt=\"\" class=\"wp-image-1762\"\/><\/a><\/figure>\n\n\n\n<div class=\"wp-block-uagb-container uagb-block-7e908be3\">\n<p><strong>Payes ton permis \u00e0 1\u20ac par jour! <\/strong>Click et tu trouveras la liste des financeurs partenaires!<\/p>\n<\/div>\n<\/div>\n\n\n\n<div class=\"wp-block-uagb-container uagb-block-4bd3fb86\">\n<figure class=\"wp-block-image size-full\"><img decoding=\"async\" width=\"300\" height=\"168\" src=\"https:\/\/amfconduite.com\/wp-content\/uploads\/2026\/01\/monnaie.jpg\" alt=\"\" class=\"wp-image-1822\"\/><\/figure>\n\n\n\n<p>Payes ton forfait jusqu&rsquo;\u00e0 <strong>3 fois<\/strong> sans frais!<\/p>\n<\/div>\n\n\n\n<div class=\"wp-block-uagb-container uagb-block-a4cb8053\">\n<figure class=\"wp-block-image size-full\"><img loading=\"lazy\" decoding=\"async\" width=\"284\" height=\"177\" src=\"https:\/\/amfconduite.com\/wp-content\/uploads\/2026\/01\/mission-locale.png\" alt=\"\" class=\"wp-image-1823\"\/><\/figure>\n\n\n\n<p>Une possibilit\u00e9 de te faire financer ton permis si ta situation rentre dans les crit\u00e8res d&rsquo;\u00e9ligibilit\u00e9. Viens te renseigner, nous t&rsquo;informerons des d\u00e9marches \u00e0 effectuer<\/p>\n<\/div>\n<\/div><\/div>\n\n\n\n<p><\/p>\n","protected":false},"excerpt":{"rendered":"<p>Prends ton forfait avec ton CPF! Click et tu seras directement sur nos forfaits CPF Payes ton permis \u00e0 1\u20ac [&hellip;]<\/p>\n","protected":false},"author":1,"featured_media":0,"parent":0,"menu_order":0,"comment_status":"closed","ping_status":"closed","template":"","meta":{"_uag_custom_page_level_css":"","site-sidebar-layout":"default","site-content-layout":"","ast-site-content-layout":"","site-content-style":"default","site-sidebar-style":"default","ast-global-header-display":"","ast-banner-title-visibility":"","ast-main-header-display":"","ast-hfb-above-header-display":"","ast-hfb-below-header-display":"","ast-hfb-mobile-header-display":"","site-post-title":"","ast-breadcrumbs-content":"","ast-featured-img":"","footer-sml-layout":"","theme-transparent-header-meta":"","adv-header-id-meta":"","stick-header-meta":"","header-above-stick-meta":"","header-main-stick-meta":"","header-below-stick-meta":"","astra-migrate-meta-layouts":"default","ast-page-background-enabled":"default","ast-page-background-meta":{"desktop":{"background-color":"var(--ast-global-color-4)","background-image":"","background-repeat":"repeat","background-position":"center center","background-size":"auto","background-attachment":"scroll","background-type":"","background-media":"","overlay-type":"","overlay-color":"","overlay-opacity":"","overlay-gradient":""},"tablet":{"background-color":"","background-image":"","background-repeat":"repeat","background-position":"center center","background-size":"auto","background-attachment":"scroll","background-type":"","background-media":"","overlay-type":"","overlay-color":"","overlay-opacity":"","overlay-gradient":""},"mobile":{"background-color":"","background-image":"","background-repeat":"repeat","background-position":"center center","background-size":"auto","background-attachment":"scroll","background-type":"","background-media":"","overlay-type":"","overlay-color":"","overlay-opacity":"","overlay-gradient":""}},"ast-content-background-meta":{"desktop":{"background-color":"var(--ast-global-color-5)","background-image":"","background-repeat":"repeat","background-position":"center center","background-size":"auto","background-attachment":"scroll","background-type":"","background-media":"","overlay-type":"","overlay-color":"","overlay-opacity":"","overlay-gradient":""},"tablet":{"background-color":"var(--ast-global-color-5)","background-image":"","background-repeat":"repeat","background-position":"center center","background-size":"auto","background-attachment":"scroll","background-type":"","background-media":"","overlay-type":"","overlay-color":"","overlay-opacity":"","overlay-gradient":""},"mobile":{"background-color":"var(--ast-global-color-5)","background-image":"","background-repeat":"repeat","background-position":"center center","background-size":"auto","background-attachment":"scroll","background-type":"","background-media":"","overlay-type":"","overlay-color":"","overlay-opacity":"","overlay-gradient":""}},"footnotes":""},"class_list":["post-1821","page","type-page","status-publish","hentry"],"uagb_featured_image_src":{"full":false,"thumbnail":false,"medium":false,"medium_large":false,"large":false,"1536x1536":false,"2048x2048":false},"uagb_author_info":{"display_name":"admin2651","author_link":"https:\/\/amfconduite.com\/index.php\/author\/admin2651\/"},"uagb_comment_info":0,"uagb_excerpt":"Prends ton forfait avec ton CPF! Click et tu seras directement sur nos forfaits CPF Payes ton permis \u00e0 1\u20ac [&hellip;]","_links":{"self":[{"href":"https:\/\/amfconduite.com\/index.php\/wp-json\/wp\/v2\/pages\/1821","targetHints":{"allow":["GET"]}}],"collection":[{"href":"https:\/\/amfconduite.com\/index.php\/wp-json\/wp\/v2\/pages"}],"about":[{"href":"https:\/\/amfconduite.com\/index.php\/wp-json\/wp\/v2\/types\/page"}],"author":[{"embeddable":true,"href":"https:\/\/amfconduite.com\/index.php\/wp-json\/wp\/v2\/users\/1"}],"replies":[{"embeddable":true,"href":"https:\/\/amfconduite.com\/index.php\/wp-json\/wp\/v2\/comments?post=1821"}],"version-history":[{"count":4,"href":"https:\/\/amfconduite.com\/index.php\/wp-json\/wp\/v2\/pages\/1821\/revisions"}],"predecessor-version":[{"id":1833,"href":"https:\/\/amfconduite.com\/index.php\/wp-json\/wp\/v2\/pages\/1821\/revisions\/1833"}],"wp:attachment":[{"href":"https:\/\/amfconduite.com\/index.php\/wp-json\/wp\/v2\/media?parent=1821"}],"curies":[{"name":"wp","href":"https:\/\/api.w.org\/{rel}","templated":true}]}}